{"id":14917,"date":"2025-01-13T00:52:24","date_gmt":"2025-01-12T23:52:24","guid":{"rendered":"https:\/\/netzwerkcelle.de\/?page_id=14917"},"modified":"2025-01-13T00:52:24","modified_gmt":"2025-01-12T23:52:24","slug":"datenschutz-impressum","status":"publish","type":"page","link":"https:\/\/cellecreativ.de\/cowork\/datenschutz-impressum\/","title":{"rendered":"Datenschutz &amp; Impressum"},"content":{"rendered":"<p><strong>Impressum:<\/strong><\/p>\n<p>#netzwerk | CelleCreativ Coworking Space<br \/>\nEine Initiative des CelleCreativ e.V., der Sparkasse Celle und der Stadt Celle.<\/p>\n<p>CelleCreativ Coworking Betreibergesellschaft mbH<br \/>\nS\u00fcdwall 25<br \/>\n29221 Celle<\/p>\n<p>Handelsregister: Amtsgericht L\u00fcneburg, HRB 207990<br \/>\nUStID: DE322315128<\/p>\n<p>Gesch\u00e4ftsf\u00fchrer: Sven-Oliver Berdin<\/p>\n<p>&nbsp;<\/p>\n<p><strong>Datenschutzerkl\u00e4rung<\/strong><br \/>\nNetzwerk-Celle nimmt den Schutz Ihrer pers\u00f6nlichen Daten sehr ernst. Wir behandeln Ihre personenbezogenen Daten vertraulich und entsprechend der gesetzlichen Datenschutzvorschriften sowie dieser Datenschutzerkl\u00e4rung. Die Nutzung unserer Webseite ist in der Regel ohne Angabe personenbezogener Daten m\u00f6glich. Soweit auf unseren Seiten personenbezogene Daten (beispielsweise Name, Anschrift oder E-Mail-Adressen) erhoben werden, erfolgt dies, soweit m\u00f6glich, stets auf freiwilliger Basis. Diese Daten werden ohne Ihre ausdr\u00fcckliche Zustimmung nicht an Dritte weitergegeben. Wir weisen darauf hin, dass die Daten\u00fcbertragung im Internet (z.B. bei der Kommunikation per E-Mail) Sicherheitsl\u00fccken aufweisen kann. Ein l\u00fcckenloser Schutz der Daten vor dem Zugriff durch Dritte ist nicht m\u00f6glich.<\/p>\n<p><strong>Anonyme Datenerhebung<\/strong><br \/>\nSie k\u00f6nnen die Webseiten von Netzwerk-Celle grunds\u00e4tzlich besuchen, ohne uns mitzuteilen, wer Sie sind. Wir erfahren nur den Namen Ihres Internet-Service-Providers, die Webseite, von der aus Sie uns besuchen, und die Webseiten, die Sie bei uns besuchen. Diese Informationen werden zu statistischen Zwecken ausgewertet. Sie bleiben als einzelner Nutzer hierbei anonym.<\/p>\n<p><strong>Erhebung und Verarbeitung personenbezogener Daten<\/strong><br \/>\nPersonenbezogene Daten werden nur erhoben, wenn Sie uns diese von sich aus, zum Beispiel zur Durchf\u00fchrung einer Anfrage oder einer Umfrage mitteilen. Im Rahmen der personalisierten Dienste wie dem Kontaktformular der Netzwerk-Celle werden Ihre Daten unter der Voraussetzung Ihrer Einwilligung verarbeitet. Diese Daten werden in verschl\u00fcsselter Form \u00fcbertragen.<\/p>\n<p><strong>Nutzung und Weitergabe personenbezogener Daten<\/strong><br \/>\nDie im Rahmen der Webseiten erhobenen personenbezogenen Daten werden unter Voraussetzung Ihrer Einwilligung nur zur Bearbeitung Ihrer Anfragen genutzt und danach gel\u00f6scht. Eine Weitergabe an Dritte erfolgt nicht.<br \/>\nExport und Verarbeitung der Daten in Staaten au\u00dferhalb des Europ\u00e4ischen Wirtschaftsraumes<br \/>\nEin Export der personenbezogenen Daten in Staaten au\u00dferhalb des EWR findet nicht statt.<\/p>\n<p><strong>Externe Links<\/strong><br \/>\nNetzwerk-Celle hat keinerlei Einfluss auf den Inhalt und die Gestaltung dieser Seiten anderer Anbieter. Die Garantien dieser Datenschutzerkl\u00e4rung gelten daher selbstverst\u00e4ndlich dort nicht. Siehe auch Haftungsausschluss.<\/p>\n<p><strong>Cookies<\/strong><br \/>\nDie Internetseiten verwenden teilweise so genannte Cookies. Cookies richten auf Ihrem Rechner keinen Schaden an und enthalten keine Viren. Cookies dienen dazu, unser Angebot nutzerfreundlicher, effektiver und sicherer zu machen. Cookies sind kleine Textdateien, die auf Ihrem Rechner abgelegt werden und die Ihr Browser speichert. Die meisten der von uns verwendeten Cookies sind so genannte \u201eSession-Cookies\u201c. Sie werden nach Ende Ihres Besuchs automatisch gel\u00f6scht. Andere Cookies bleiben auf Ihrem Endger\u00e4t gespeichert, bis Sie diese l\u00f6schen. Diese Cookies erm\u00f6glichen es uns, Ihren Browser beim n\u00e4chsten Besuch wiederzuerkennen. Sie k\u00f6nnen Ihren Browser so einstellen, dass Sie \u00fcber das Setzen von Cookies informiert werden und Cookies nur im Einzelfall erlauben, die Annahme von Cookies f\u00fcr bestimmte F\u00e4lle oder generell ausschlie\u00dfen sowie das automatische L\u00f6schen der Cookies beim Schlie\u00dfen des Browser aktivieren. Bei der Deaktivierung von Cookies kann die Funktionalit\u00e4t dieser Website eingeschr\u00e4nkt sein.<\/p>\n<p><strong>Auskunft, L\u00f6schung, Sperrung<\/strong><br \/>\nSie haben jederzeit das Recht auf unentgeltliche Auskunft \u00fcber Ihre gespeicherten personenbezogenen Daten, deren Herkunft und Empf\u00e4nger und den Zweck der Datenverarbeitung sowie ein Recht auf Berichtigung, Sperrung oder L\u00f6schung dieser Daten. Hierzu sowie zu weiteren Fragen zum Thema personenbezogene Daten k\u00f6nnen Sie sich jederzeit unter folgender Adresse an uns wenden: info@netzwerk-celle.de<\/p>\n<p><strong>Kontaktformular<\/strong><br \/>\nWenn Sie uns per Kontaktformular Anfragen zukommen lassen, werden Ihre Angaben aus dem Anfrageformular inklusive der von Ihnen dort angegebenen Kontaktdaten zwecks Bearbeitung der Anfrage und f\u00fcr den Fall von Anschlussfragen bei uns gespeichert. Diese Daten geben wir nicht ohne Ihre Einwilligung weiter.<\/p>\n<p><strong>Widerspruch Werbe-Mails<\/strong><br \/>\nDer Nutzung von im Rahmen der Impressumspflicht ver\u00f6ffentlichten Kontaktdaten zur \u00dcbersendung von nicht ausdr\u00fccklich angeforderter Werbung und Informationsmaterialien wird hiermit widersprochen. Die Betreiber der Seiten behalten sich ausdr\u00fccklich rechtliche Schritte im Falle der unverlangten Zusendung von Werbeinformationen, etwa durch Spam-E-Mails, vor.<\/p>\n<p><strong>Server-Log-Files<\/strong><br \/>\nDer Provider der Seiten erhebt und speichert automatisch Informationen in so genannten Server-Log Files, die Ihr Browser automatisch an uns \u00fcbermittelt. Dies sind:<\/p>\n<ul>\n<li>Browsertyp und Browserversion<\/li>\n<li>verwendetes Betriebssystem<\/li>\n<li>Referrer URL<\/li>\n<li>Hostname des zugreifenden Rechners<\/li>\n<li>Uhrzeit der Serveranfrage<\/li>\n<\/ul>\n<p>Diese Daten sind nicht bestimmten Personen zuordenbar. Eine Zusammenf\u00fchrung dieser Daten mit anderen Datenquellen wird nicht vorgenommen. Wir behalten uns vor, diese Daten nachtr\u00e4glich zu pr\u00fcfen, wenn uns konkrete Anhaltspunkte f\u00fcr eine rechtswidrige Nutzung bekannt werden.<\/p>\n<p><strong>Newsletterdaten<\/strong><br \/>\nWenn Sie den auf der Webseite angebotenen Newsletter beziehen m\u00f6chten, ben\u00f6tigen wir von Ihnen eine E-Mail-Adresse sowie Informationen, welche uns die \u00dcberpr\u00fcfung gestatten, dass Sie der Inhaber der angegebenen E-Mail-Adresse sind und mit dem Empfang des Newsletters einverstanden sind. Weitere Daten werden nicht erhoben. Diese Daten verwenden wir ausschlie\u00dflich f\u00fcr den Versand der angeforderten Informationen und geben sie nicht an Dritte weiter.<br \/>\nDie erteilte Einwilligung zur Speicherung der Daten, der E-Mail-Adresse sowie deren Nutzung zum Versand des Newsletters k\u00f6nnen Sie jederzeit widerrufen , etwa \u00fcber den \u201eAustragen\u201c-Link im Newsletter.<\/p>\n<p><strong>Streitschlichtung<\/strong><br \/>\n\u201eDie EU-Kommission hat eine Internetplattform zur Online-Beilegung von Streitigkeiten (\u201eOS-Plattform\u201c) zwischen Unternehmern und Verbrauchern eingerichtet. Die OS-Plattform ist erreichbar unter http:\/\/ec.europa.eu\/consumers\/odr\/.\u201c<\/p>\n<p>&nbsp;<\/p>\n<p>&nbsp;<\/p>\n<p><strong>Disclaimer:<\/strong><\/p>\n<p><strong>1. Inhalt der Homepage:<\/strong><br \/>\nEine Gew\u00e4hr f\u00fcr die Aktualit\u00e4t, Vollst\u00e4ndigkeit und Korrektheit der auf dieser Homepage eingestellten Informationen wird nicht \u00fcbernommen.<br \/>\nDer Anbieterin bleibt es ausdr\u00fccklich vorbehalten, Angebote ohne gesonderte Ank\u00fcndigung insgesamt oder teilweise zu ver\u00e4ndern, zu erg\u00e4nzen, zu l\u00f6schen oder die Ver\u00f6ffentlichung zeitweise oder endg\u00fcltig einzustellen.<br \/>\n<strong>2. Verweise und Links:<\/strong><br \/>\nSoweit in den Seiten auf Webseiten Dritter direkt oder indirekt verwiesen wird, gilt folgendes:<br \/>\nAuf die aktuellen und k\u00fcnftigen Inhalte und Urheberschaft dieser verlinkten Webseiten hat die Anbieterin dieser Webseiten keinen Einfluss. Sie distanziert sich daher ausdr\u00fccklich von allen Inhalten aller gelinkten Seiten, die nach der Linksetzung ver\u00e4ndert wurden. F\u00fcr die Richtigkeit, Rechtm\u00e4\u00dfigkeit und Vollst\u00e4ndigkeit der Inhalte ist allein der jeweilige Anbieter oder Betreiber verantwortlich. F\u00fcr etwaige Sch\u00e4den, die aus der Nutzung oder Nichtnutzung der darin enthaltenen Informationen resultieren, wird von hier diesbez\u00fcglich keinerlei Haftung \u00fcbernommen.<br \/>\n<strong>3. Urheber- und Kennzeichenrecht:<\/strong><br \/>\nDie Inhalte der Webseiten sind urheberrechtlich gesch\u00fctzt. Die Vervielf\u00e4ltigung, Bearbeitung, Verbreitung und jede Art der Verwertung au\u00dferhalb der Grenzen des Urheberrechts bed\u00fcrfen der schriftlichen Zustimmung. Kopien von diesen Seiten sind nur f\u00fcr den privaten Bereich gestattet, nicht jedoch f\u00fcr kommerzielle Zwecke.<br \/>\nAlle auf den Webseiten genannten und ggf. durch Dritte gesch\u00fctzten Marken- und Warenzeichen unterliegen uneingeschr\u00e4nkt den Bestimmungen des jeweils g\u00fcltigen Kennzeichenrechts und den Besitzrechten der jeweiligen eingetragenen Eigent\u00fcmer.<br \/>\n<strong>4. Kontaktaufnahme:<\/strong><br \/>\nF\u00fcr die Sicherheit der Daten\u00fcbertragung im Internet kann keine Gew\u00e4hr \u00fcbernommen werden, insbesondere besteht bei der \u00dcbertragung von Daten per E-Mail die Gefahr des Zugriffs durch Dritte.<br \/>\nEine Gew\u00e4hr f\u00fcr den Zugang und die Kenntnisnahme von E-Mails und deren Inhalten wird nicht \u00fcbernommen.<br \/>\nEiner Nutzung der im Impressum ver\u00f6ffentlichten Kontaktdaten durch Dritte zu Werbezwecken wird hiermit ausdr\u00fccklich widersprochen. Der Betreiber beh\u00e4lt sich f\u00fcr den Fall unverlangt zugesandter Werbe- oder Informationsmaterialien ausdr\u00fccklich rechtliche Schritte vor.<\/p>\n","protected":false},"excerpt":{"rendered":"<p>Impressum: #netzwerk | CelleCreativ Coworking Space Eine Initiative des CelleCreativ e.V., der Sparkasse Celle und der Stadt Celle. CelleCreativ Coworking Betreibergesellschaft mbH S\u00fcdwall 25 29221 Celle Handelsregister: Amtsgericht L\u00fcneburg, HRB 207990 UStID: DE322315128 Gesch\u00e4ftsf\u00fchrer: Sven-Oliver Berdin &nbsp; Datenschutzerkl\u00e4rung Netzwerk-Celle nimmt den Schutz Ihrer pers\u00f6nlichen Daten sehr ernst. Wir behandeln Ihre personenbezogenen Daten vertraulich und entsprechend [&hellip;]<\/p>\n","protected":false},"author":1,"featured_media":0,"parent":0,"menu_order":0,"comment_status":"closed","ping_status":"closed","template":"","meta":{"footnotes":""},"class_list":["post-14917","page","type-page","status-publish","hentry","entry"],"yoast_head":"<!-- This site is optimized with the Yoast SEO plugin v27.5 - https:\/\/yoast.com\/product\/yoast-seo-wordpress\/ -->\n<title>Datenschutz &amp; Impressum - CoWorking<\/title>\n<meta name=\"robots\" content=\"index, follow, max-snippet:-1, max-image-preview:large, max-video-preview:-1\" \/>\n<link rel=\"canonical\" href=\"https:\/\/cellecreativ.de\/cowork\/datenschutz-impressum\/\" \/>\n<meta property=\"og:locale\" content=\"de_DE\" \/>\n<meta property=\"og:type\" content=\"article\" \/>\n<meta property=\"og:title\" content=\"Datenschutz &amp; Impressum - CoWorking\" \/>\n<meta property=\"og:description\" content=\"Impressum: #netzwerk | CelleCreativ Coworking Space Eine Initiative des CelleCreativ e.V., der Sparkasse Celle und der Stadt Celle. CelleCreativ Coworking Betreibergesellschaft mbH S\u00fcdwall 25 29221 Celle Handelsregister: Amtsgericht L\u00fcneburg, HRB 207990 UStID: DE322315128 Gesch\u00e4ftsf\u00fchrer: Sven-Oliver Berdin &nbsp; Datenschutzerkl\u00e4rung Netzwerk-Celle nimmt den Schutz Ihrer pers\u00f6nlichen Daten sehr ernst. Wir behandeln Ihre personenbezogenen Daten vertraulich und entsprechend [&hellip;]\" \/>\n<meta property=\"og:url\" content=\"https:\/\/cellecreativ.de\/cowork\/datenschutz-impressum\/\" \/>\n<meta property=\"og:site_name\" content=\"CoWorking\" \/>\n<meta name=\"twitter:card\" content=\"summary_large_image\" \/>\n<meta name=\"twitter:label1\" content=\"Gesch\u00e4tzte Lesezeit\" \/>\n\t<meta name=\"twitter:data1\" content=\"6\u00a0Minuten\" \/>\n<script type=\"application\/ld+json\" class=\"yoast-schema-graph\">{\"@context\":\"https:\\\/\\\/schema.org\",\"@graph\":[{\"@type\":\"WebPage\",\"@id\":\"https:\\\/\\\/cellecreativ.de\\\/cowork\\\/datenschutz-impressum\\\/\",\"url\":\"https:\\\/\\\/cellecreativ.de\\\/cowork\\\/datenschutz-impressum\\\/\",\"name\":\"Datenschutz &amp; Impressum - CoWorking\",\"isPartOf\":{\"@id\":\"https:\\\/\\\/cellecreativ.de\\\/cowork\\\/#website\"},\"datePublished\":\"2025-01-12T23:52:24+00:00\",\"breadcrumb\":{\"@id\":\"https:\\\/\\\/cellecreativ.de\\\/cowork\\\/datenschutz-impressum\\\/#breadcrumb\"},\"inLanguage\":\"de\",\"potentialAction\":[{\"@type\":\"ReadAction\",\"target\":[\"https:\\\/\\\/cellecreativ.de\\\/cowork\\\/datenschutz-impressum\\\/\"]}]},{\"@type\":\"BreadcrumbList\",\"@id\":\"https:\\\/\\\/cellecreativ.de\\\/cowork\\\/datenschutz-impressum\\\/#breadcrumb\",\"itemListElement\":[{\"@type\":\"ListItem\",\"position\":1,\"name\":\"Startseite\",\"item\":\"https:\\\/\\\/cellecreativ.de\\\/cowork\\\/\"},{\"@type\":\"ListItem\",\"position\":2,\"name\":\"Datenschutz &amp; Impressum\"}]},{\"@type\":\"WebSite\",\"@id\":\"https:\\\/\\\/cellecreativ.de\\\/cowork\\\/#website\",\"url\":\"https:\\\/\\\/cellecreativ.de\\\/cowork\\\/\",\"name\":\"CoWorking\",\"description\":\"\",\"potentialAction\":[{\"@type\":\"SearchAction\",\"target\":{\"@type\":\"EntryPoint\",\"urlTemplate\":\"https:\\\/\\\/cellecreativ.de\\\/cowork\\\/?s={search_term_string}\"},\"query-input\":{\"@type\":\"PropertyValueSpecification\",\"valueRequired\":true,\"valueName\":\"search_term_string\"}}],\"inLanguage\":\"de\"}]}<\/script>\n<!-- \/ Yoast SEO plugin. -->","yoast_head_json":{"title":"Datenschutz &amp; Impressum - CoWorking","robots":{"index":"index","follow":"follow","max-snippet":"max-snippet:-1","max-image-preview":"max-image-preview:large","max-video-preview":"max-video-preview:-1"},"canonical":"https:\/\/cellecreativ.de\/cowork\/datenschutz-impressum\/","og_locale":"de_DE","og_type":"article","og_title":"Datenschutz &amp; Impressum - CoWorking","og_description":"Impressum: #netzwerk | CelleCreativ Coworking Space Eine Initiative des CelleCreativ e.V., der Sparkasse Celle und der Stadt Celle. CelleCreativ Coworking Betreibergesellschaft mbH S\u00fcdwall 25 29221 Celle Handelsregister: Amtsgericht L\u00fcneburg, HRB 207990 UStID: DE322315128 Gesch\u00e4ftsf\u00fchrer: Sven-Oliver Berdin &nbsp; Datenschutzerkl\u00e4rung Netzwerk-Celle nimmt den Schutz Ihrer pers\u00f6nlichen Daten sehr ernst. Wir behandeln Ihre personenbezogenen Daten vertraulich und entsprechend [&hellip;]","og_url":"https:\/\/cellecreativ.de\/cowork\/datenschutz-impressum\/","og_site_name":"CoWorking","twitter_card":"summary_large_image","twitter_misc":{"Gesch\u00e4tzte Lesezeit":"6\u00a0Minuten"},"schema":{"@context":"https:\/\/schema.org","@graph":[{"@type":"WebPage","@id":"https:\/\/cellecreativ.de\/cowork\/datenschutz-impressum\/","url":"https:\/\/cellecreativ.de\/cowork\/datenschutz-impressum\/","name":"Datenschutz &amp; Impressum - CoWorking","isPartOf":{"@id":"https:\/\/cellecreativ.de\/cowork\/#website"},"datePublished":"2025-01-12T23:52:24+00:00","breadcrumb":{"@id":"https:\/\/cellecreativ.de\/cowork\/datenschutz-impressum\/#breadcrumb"},"inLanguage":"de","potentialAction":[{"@type":"ReadAction","target":["https:\/\/cellecreativ.de\/cowork\/datenschutz-impressum\/"]}]},{"@type":"BreadcrumbList","@id":"https:\/\/cellecreativ.de\/cowork\/datenschutz-impressum\/#breadcrumb","itemListElement":[{"@type":"ListItem","position":1,"name":"Startseite","item":"https:\/\/cellecreativ.de\/cowork\/"},{"@type":"ListItem","position":2,"name":"Datenschutz &amp; Impressum"}]},{"@type":"WebSite","@id":"https:\/\/cellecreativ.de\/cowork\/#website","url":"https:\/\/cellecreativ.de\/cowork\/","name":"CoWorking","description":"","potentialAction":[{"@type":"SearchAction","target":{"@type":"EntryPoint","urlTemplate":"https:\/\/cellecreativ.de\/cowork\/?s={search_term_string}"},"query-input":{"@type":"PropertyValueSpecification","valueRequired":true,"valueName":"search_term_string"}}],"inLanguage":"de"}]}},"_links":{"self":[{"href":"https:\/\/cellecreativ.de\/cowork\/wp-json\/wp\/v2\/pages\/14917","targetHints":{"allow":["GET"]}}],"collection":[{"href":"https:\/\/cellecreativ.de\/cowork\/wp-json\/wp\/v2\/pages"}],"about":[{"href":"https:\/\/cellecreativ.de\/cowork\/wp-json\/wp\/v2\/types\/page"}],"author":[{"embeddable":true,"href":"https:\/\/cellecreativ.de\/cowork\/wp-json\/wp\/v2\/users\/1"}],"replies":[{"embeddable":true,"href":"https:\/\/cellecreativ.de\/cowork\/wp-json\/wp\/v2\/comments?post=14917"}],"version-history":[{"count":0,"href":"https:\/\/cellecreativ.de\/cowork\/wp-json\/wp\/v2\/pages\/14917\/revisions"}],"wp:attachment":[{"href":"https:\/\/cellecreativ.de\/cowork\/wp-json\/wp\/v2\/media?parent=14917"}],"curies":[{"name":"wp","href":"https:\/\/api.w.org\/{rel}","templated":true}]}}