{"id":77,"date":"2019-09-01T16:55:01","date_gmt":"2019-09-01T14:55:01","guid":{"rendered":"https:\/\/www.open-source-solutions.de\/netzwerk\/?page_id=77"},"modified":"2019-09-01T16:55:01","modified_gmt":"2019-09-01T14:55:01","slug":"raumbuchung","status":"publish","type":"page","link":"https:\/\/cellecreativ.de\/cowork\/raumbuchung\/","title":{"rendered":"Raumbuchung"},"content":{"rendered":"<p>Wir bieten derzeit f\u00fcnf Arbeitspl\u00e4tze in Einzel- und Zweierb\u00fcros sowie f\u00fcnf Arbeitspl\u00e4tze im Gemeinschaftsb\u00fcro an.<\/p>\n<p>F\u00fcr Anfragen zur Verf\u00fcgbarkeit dieser R\u00e4ume schreibt bitte eine Mail an <a href=\"mailto:info@netzwerk-celle.de\">info@netzwerk-celle.de<\/a><\/p>\n<p>Unser Besprechungsraum eignet sich f\u00fcr bis zu 14 Personen, verf\u00fcgt \u00fcber ein 65\u201c-Display f\u00fcr Pr\u00e4sentationen, ein Whiteboard und ein Flipchart. Die Verf\u00fcgbarkeit k\u00f6nnt ihr selbst pr\u00fcfen.<\/p>\n<p>Hier findet ihr unsere aktuelle <a href=\"https:\/\/netzwerkcelle.de\/wp-content\/uploads\/Preislisten\/Preisliste-Stand-01.07.2022.pdf\">Preisliste<\/a><\/p>\n<p>Gerne k\u00f6nnt ihr das #netzwerk nach Absprache besichtigen oder auch mal f\u00fcr einen Tag testen.<\/p>\n<p>Bitte vereinbart daf\u00fcr einen Termin per Mail an\u00a0<a href=\"mailto:info@netzwerk-celle.de\">info@netzwerk-celle.de<\/a>, da wir nicht durchg\u00e4ngig besetzt sind.<\/p>\n","protected":false},"excerpt":{"rendered":"<p>Wir bieten derzeit f\u00fcnf Arbeitspl\u00e4tze in Einzel- und Zweierb\u00fcros sowie f\u00fcnf Arbeitspl\u00e4tze im Gemeinschaftsb\u00fcro an. F\u00fcr Anfragen zur Verf\u00fcgbarkeit dieser R\u00e4ume schreibt bitte eine Mail an info@netzwerk-celle.de Unser Besprechungsraum eignet sich f\u00fcr bis zu 14 Personen, verf\u00fcgt \u00fcber ein 65\u201c-Display f\u00fcr Pr\u00e4sentationen, ein Whiteboard und ein Flipchart. Die Verf\u00fcgbarkeit k\u00f6nnt ihr selbst pr\u00fcfen. Hier findet [&hellip;]<\/p>\n","protected":false},"author":1,"featured_media":0,"parent":0,"menu_order":12,"comment_status":"closed","ping_status":"closed","template":"","meta":{"footnotes":""},"class_list":["post-77","page","type-page","status-publish","hentry","entry"],"yoast_head":"<!-- This site is optimized with the Yoast SEO plugin v27.4 - https:\/\/yoast.com\/product\/yoast-seo-wordpress\/ -->\n<title>Raumbuchung - CoWorking<\/title>\n<meta name=\"robots\" content=\"index, follow, max-snippet:-1, max-image-preview:large, max-video-preview:-1\" \/>\n<link rel=\"canonical\" href=\"https:\/\/cellecreativ.de\/cowork\/raumbuchung\/\" \/>\n<meta property=\"og:locale\" content=\"de_DE\" \/>\n<meta property=\"og:type\" content=\"article\" \/>\n<meta property=\"og:title\" content=\"Raumbuchung - CoWorking\" \/>\n<meta property=\"og:description\" content=\"Wir bieten derzeit f\u00fcnf Arbeitspl\u00e4tze in Einzel- und Zweierb\u00fcros sowie f\u00fcnf Arbeitspl\u00e4tze im Gemeinschaftsb\u00fcro an. F\u00fcr Anfragen zur Verf\u00fcgbarkeit dieser R\u00e4ume schreibt bitte eine Mail an info@netzwerk-celle.de Unser Besprechungsraum eignet sich f\u00fcr bis zu 14 Personen, verf\u00fcgt \u00fcber ein 65\u201c-Display f\u00fcr Pr\u00e4sentationen, ein Whiteboard und ein Flipchart. Die Verf\u00fcgbarkeit k\u00f6nnt ihr selbst pr\u00fcfen. Hier findet [&hellip;]\" \/>\n<meta property=\"og:url\" content=\"https:\/\/cellecreativ.de\/cowork\/raumbuchung\/\" \/>\n<meta property=\"og:site_name\" content=\"CoWorking\" \/>\n<meta name=\"twitter:card\" content=\"summary_large_image\" \/>\n<meta name=\"twitter:label1\" content=\"Gesch\u00e4tzte Lesezeit\" \/>\n\t<meta name=\"twitter:data1\" content=\"1\u00a0Minute\" \/>\n<script type=\"application\/ld+json\" class=\"yoast-schema-graph\">{\"@context\":\"https:\\\/\\\/schema.org\",\"@graph\":[{\"@type\":\"WebPage\",\"@id\":\"https:\\\/\\\/cellecreativ.de\\\/cowork\\\/raumbuchung\\\/\",\"url\":\"https:\\\/\\\/cellecreativ.de\\\/cowork\\\/raumbuchung\\\/\",\"name\":\"Raumbuchung - CoWorking\",\"isPartOf\":{\"@id\":\"https:\\\/\\\/cellecreativ.de\\\/cowork\\\/#website\"},\"datePublished\":\"2019-09-01T14:55:01+00:00\",\"breadcrumb\":{\"@id\":\"https:\\\/\\\/cellecreativ.de\\\/cowork\\\/raumbuchung\\\/#breadcrumb\"},\"inLanguage\":\"de\",\"potentialAction\":[{\"@type\":\"ReadAction\",\"target\":[\"https:\\\/\\\/cellecreativ.de\\\/cowork\\\/raumbuchung\\\/\"]}]},{\"@type\":\"BreadcrumbList\",\"@id\":\"https:\\\/\\\/cellecreativ.de\\\/cowork\\\/raumbuchung\\\/#breadcrumb\",\"itemListElement\":[{\"@type\":\"ListItem\",\"position\":1,\"name\":\"Startseite\",\"item\":\"https:\\\/\\\/cellecreativ.de\\\/cowork\\\/\"},{\"@type\":\"ListItem\",\"position\":2,\"name\":\"Raumbuchung\"}]},{\"@type\":\"WebSite\",\"@id\":\"https:\\\/\\\/cellecreativ.de\\\/cowork\\\/#website\",\"url\":\"https:\\\/\\\/cellecreativ.de\\\/cowork\\\/\",\"name\":\"CoWorking\",\"description\":\"\",\"potentialAction\":[{\"@type\":\"SearchAction\",\"target\":{\"@type\":\"EntryPoint\",\"urlTemplate\":\"https:\\\/\\\/cellecreativ.de\\\/cowork\\\/?s={search_term_string}\"},\"query-input\":{\"@type\":\"PropertyValueSpecification\",\"valueRequired\":true,\"valueName\":\"search_term_string\"}}],\"inLanguage\":\"de\"}]}<\/script>\n<!-- \/ Yoast SEO plugin. -->","yoast_head_json":{"title":"Raumbuchung - CoWorking","robots":{"index":"index","follow":"follow","max-snippet":"max-snippet:-1","max-image-preview":"max-image-preview:large","max-video-preview":"max-video-preview:-1"},"canonical":"https:\/\/cellecreativ.de\/cowork\/raumbuchung\/","og_locale":"de_DE","og_type":"article","og_title":"Raumbuchung - CoWorking","og_description":"Wir bieten derzeit f\u00fcnf Arbeitspl\u00e4tze in Einzel- und Zweierb\u00fcros sowie f\u00fcnf Arbeitspl\u00e4tze im Gemeinschaftsb\u00fcro an. F\u00fcr Anfragen zur Verf\u00fcgbarkeit dieser R\u00e4ume schreibt bitte eine Mail an info@netzwerk-celle.de Unser Besprechungsraum eignet sich f\u00fcr bis zu 14 Personen, verf\u00fcgt \u00fcber ein 65\u201c-Display f\u00fcr Pr\u00e4sentationen, ein Whiteboard und ein Flipchart. Die Verf\u00fcgbarkeit k\u00f6nnt ihr selbst pr\u00fcfen. Hier findet [&hellip;]","og_url":"https:\/\/cellecreativ.de\/cowork\/raumbuchung\/","og_site_name":"CoWorking","twitter_card":"summary_large_image","twitter_misc":{"Gesch\u00e4tzte Lesezeit":"1\u00a0Minute"},"schema":{"@context":"https:\/\/schema.org","@graph":[{"@type":"WebPage","@id":"https:\/\/cellecreativ.de\/cowork\/raumbuchung\/","url":"https:\/\/cellecreativ.de\/cowork\/raumbuchung\/","name":"Raumbuchung - CoWorking","isPartOf":{"@id":"https:\/\/cellecreativ.de\/cowork\/#website"},"datePublished":"2019-09-01T14:55:01+00:00","breadcrumb":{"@id":"https:\/\/cellecreativ.de\/cowork\/raumbuchung\/#breadcrumb"},"inLanguage":"de","potentialAction":[{"@type":"ReadAction","target":["https:\/\/cellecreativ.de\/cowork\/raumbuchung\/"]}]},{"@type":"BreadcrumbList","@id":"https:\/\/cellecreativ.de\/cowork\/raumbuchung\/#breadcrumb","itemListElement":[{"@type":"ListItem","position":1,"name":"Startseite","item":"https:\/\/cellecreativ.de\/cowork\/"},{"@type":"ListItem","position":2,"name":"Raumbuchung"}]},{"@type":"WebSite","@id":"https:\/\/cellecreativ.de\/cowork\/#website","url":"https:\/\/cellecreativ.de\/cowork\/","name":"CoWorking","description":"","potentialAction":[{"@type":"SearchAction","target":{"@type":"EntryPoint","urlTemplate":"https:\/\/cellecreativ.de\/cowork\/?s={search_term_string}"},"query-input":{"@type":"PropertyValueSpecification","valueRequired":true,"valueName":"search_term_string"}}],"inLanguage":"de"}]}},"_links":{"self":[{"href":"https:\/\/cellecreativ.de\/cowork\/wp-json\/wp\/v2\/pages\/77","targetHints":{"allow":["GET"]}}],"collection":[{"href":"https:\/\/cellecreativ.de\/cowork\/wp-json\/wp\/v2\/pages"}],"about":[{"href":"https:\/\/cellecreativ.de\/cowork\/wp-json\/wp\/v2\/types\/page"}],"author":[{"embeddable":true,"href":"https:\/\/cellecreativ.de\/cowork\/wp-json\/wp\/v2\/users\/1"}],"replies":[{"embeddable":true,"href":"https:\/\/cellecreativ.de\/cowork\/wp-json\/wp\/v2\/comments?post=77"}],"version-history":[{"count":0,"href":"https:\/\/cellecreativ.de\/cowork\/wp-json\/wp\/v2\/pages\/77\/revisions"}],"wp:attachment":[{"href":"https:\/\/cellecreativ.de\/cowork\/wp-json\/wp\/v2\/media?parent=77"}],"curies":[{"name":"wp","href":"https:\/\/api.w.org\/{rel}","templated":true}]}}