{"id":9386,"date":"2024-12-08T22:57:18","date_gmt":"2024-12-08T21:57:18","guid":{"rendered":"https:\/\/netzwerkcelle.de\/?page_id=9386"},"modified":"2024-12-08T22:57:18","modified_gmt":"2024-12-08T21:57:18","slug":"fix-buero","status":"publish","type":"page","link":"https:\/\/cellecreativ.de\/cowork\/fix-buero\/","title":{"rendered":"Fix-B\u00fcro"},"content":{"rendered":"<p>Ob f\u00fcr Kundentermine, ungest\u00f6rtes Arbeiten oder Konferenzen \u2013 Tagesb\u00fcros bieten Ihnen die M\u00f6glichkeit, R\u00e4ume ohne langfristige Verpflichtungen und Kosten zu nutzen. Unsere Tagesb\u00fcros sind entsprechend eingerichtet und ausgestattet.<\/p>\n<p>Unsere Fix-B\u00fcros eignen sich besonders dann, wenn Sie regelm\u00e4\u00dfig ein Tagesb\u00fcro nutzen wollen. Anders als bei unseren Flex-B\u00fcros buchen Sie hierbei einen bestimmten Wochentag.<br \/>\nDamit erhalten Sie die Flexibilit\u00e4t eines Tagesb\u00fcros und gleichzeitig steht Ihnen das B\u00fcro garantiert zur Verf\u00fcgung.<br \/>\nSelbstverst\u00e4ndlich k\u00f6nnen Sie auch mehrere Wochentage buchen.<\/p>\n<p>&nbsp;<\/p>\n<p><strong>Unser Angebot:<\/strong><\/p>\n<p>Wir bieten Ihnen ein ausgestattetes Tagesb\u00fcro an Ihrem individuellen Wochentag an, so da\u00df Sie im Monat mindestens 4x Ihr Tagesb\u00fcro nutzen k\u00f6nnen. Unser Tarif betr\u00e4gt dabei 150 \u20ac \/ Monat.<\/p>\n<p><strong>Zusatzangebot:\u00a0<\/strong><\/p>\n<p>Flexibles Arbeiten bedeutet oft auch den permanenten Transport von Arbeitsmaterial. Wir bieten die M\u00f6glichkeit, diese Materialien in einem abschlie\u00dfbaren Schrank unterzubringen. (25 \u20ac \/ Monat).<\/p>\n<p>&nbsp;<\/p>\n","protected":false},"excerpt":{"rendered":"<p>Ob f\u00fcr Kundentermine, ungest\u00f6rtes Arbeiten oder Konferenzen \u2013 Tagesb\u00fcros bieten Ihnen die M\u00f6glichkeit, R\u00e4ume ohne langfristige Verpflichtungen und Kosten zu nutzen. Unsere Tagesb\u00fcros sind entsprechend eingerichtet und ausgestattet. Unsere Fix-B\u00fcros eignen sich besonders dann, wenn Sie regelm\u00e4\u00dfig ein Tagesb\u00fcro nutzen wollen. Anders als bei unseren Flex-B\u00fcros buchen Sie hierbei einen bestimmten Wochentag. Damit erhalten Sie [&hellip;]<\/p>\n","protected":false},"author":1,"featured_media":0,"parent":0,"menu_order":1,"comment_status":"closed","ping_status":"closed","template":"","meta":{"footnotes":""},"class_list":["post-9386","page","type-page","status-publish","hentry","entry"],"yoast_head":"<!-- This site is optimized with the Yoast SEO plugin v27.5 - https:\/\/yoast.com\/product\/yoast-seo-wordpress\/ -->\n<title>Fix-B\u00fcro - CoWorking<\/title>\n<meta name=\"robots\" content=\"index, follow, max-snippet:-1, max-image-preview:large, max-video-preview:-1\" \/>\n<link rel=\"canonical\" href=\"https:\/\/cellecreativ.de\/cowork\/fix-buero\/\" \/>\n<meta property=\"og:locale\" content=\"de_DE\" \/>\n<meta property=\"og:type\" content=\"article\" \/>\n<meta property=\"og:title\" content=\"Fix-B\u00fcro - CoWorking\" \/>\n<meta property=\"og:description\" content=\"Ob f\u00fcr Kundentermine, ungest\u00f6rtes Arbeiten oder Konferenzen \u2013 Tagesb\u00fcros bieten Ihnen die M\u00f6glichkeit, R\u00e4ume ohne langfristige Verpflichtungen und Kosten zu nutzen. Unsere Tagesb\u00fcros sind entsprechend eingerichtet und ausgestattet. Unsere Fix-B\u00fcros eignen sich besonders dann, wenn Sie regelm\u00e4\u00dfig ein Tagesb\u00fcro nutzen wollen. Anders als bei unseren Flex-B\u00fcros buchen Sie hierbei einen bestimmten Wochentag. Damit erhalten Sie [&hellip;]\" \/>\n<meta property=\"og:url\" content=\"https:\/\/cellecreativ.de\/cowork\/fix-buero\/\" \/>\n<meta property=\"og:site_name\" content=\"CoWorking\" \/>\n<meta name=\"twitter:card\" content=\"summary_large_image\" \/>\n<meta name=\"twitter:label1\" content=\"Gesch\u00e4tzte Lesezeit\" \/>\n\t<meta name=\"twitter:data1\" content=\"1\u00a0Minute\" \/>\n<script type=\"application\/ld+json\" class=\"yoast-schema-graph\">{\"@context\":\"https:\\\/\\\/schema.org\",\"@graph\":[{\"@type\":\"WebPage\",\"@id\":\"https:\\\/\\\/cellecreativ.de\\\/cowork\\\/fix-buero\\\/\",\"url\":\"https:\\\/\\\/cellecreativ.de\\\/cowork\\\/fix-buero\\\/\",\"name\":\"Fix-B\u00fcro - CoWorking\",\"isPartOf\":{\"@id\":\"https:\\\/\\\/cellecreativ.de\\\/cowork\\\/#website\"},\"datePublished\":\"2024-12-08T21:57:18+00:00\",\"breadcrumb\":{\"@id\":\"https:\\\/\\\/cellecreativ.de\\\/cowork\\\/fix-buero\\\/#breadcrumb\"},\"inLanguage\":\"de\",\"potentialAction\":[{\"@type\":\"ReadAction\",\"target\":[\"https:\\\/\\\/cellecreativ.de\\\/cowork\\\/fix-buero\\\/\"]}]},{\"@type\":\"BreadcrumbList\",\"@id\":\"https:\\\/\\\/cellecreativ.de\\\/cowork\\\/fix-buero\\\/#breadcrumb\",\"itemListElement\":[{\"@type\":\"ListItem\",\"position\":1,\"name\":\"Startseite\",\"item\":\"https:\\\/\\\/cellecreativ.de\\\/cowork\\\/\"},{\"@type\":\"ListItem\",\"position\":2,\"name\":\"Fix-B\u00fcro\"}]},{\"@type\":\"WebSite\",\"@id\":\"https:\\\/\\\/cellecreativ.de\\\/cowork\\\/#website\",\"url\":\"https:\\\/\\\/cellecreativ.de\\\/cowork\\\/\",\"name\":\"CoWorking\",\"description\":\"\",\"potentialAction\":[{\"@type\":\"SearchAction\",\"target\":{\"@type\":\"EntryPoint\",\"urlTemplate\":\"https:\\\/\\\/cellecreativ.de\\\/cowork\\\/?s={search_term_string}\"},\"query-input\":{\"@type\":\"PropertyValueSpecification\",\"valueRequired\":true,\"valueName\":\"search_term_string\"}}],\"inLanguage\":\"de\"}]}<\/script>\n<!-- \/ Yoast SEO plugin. -->","yoast_head_json":{"title":"Fix-B\u00fcro - CoWorking","robots":{"index":"index","follow":"follow","max-snippet":"max-snippet:-1","max-image-preview":"max-image-preview:large","max-video-preview":"max-video-preview:-1"},"canonical":"https:\/\/cellecreativ.de\/cowork\/fix-buero\/","og_locale":"de_DE","og_type":"article","og_title":"Fix-B\u00fcro - CoWorking","og_description":"Ob f\u00fcr Kundentermine, ungest\u00f6rtes Arbeiten oder Konferenzen \u2013 Tagesb\u00fcros bieten Ihnen die M\u00f6glichkeit, R\u00e4ume ohne langfristige Verpflichtungen und Kosten zu nutzen. Unsere Tagesb\u00fcros sind entsprechend eingerichtet und ausgestattet. Unsere Fix-B\u00fcros eignen sich besonders dann, wenn Sie regelm\u00e4\u00dfig ein Tagesb\u00fcro nutzen wollen. Anders als bei unseren Flex-B\u00fcros buchen Sie hierbei einen bestimmten Wochentag. Damit erhalten Sie [&hellip;]","og_url":"https:\/\/cellecreativ.de\/cowork\/fix-buero\/","og_site_name":"CoWorking","twitter_card":"summary_large_image","twitter_misc":{"Gesch\u00e4tzte Lesezeit":"1\u00a0Minute"},"schema":{"@context":"https:\/\/schema.org","@graph":[{"@type":"WebPage","@id":"https:\/\/cellecreativ.de\/cowork\/fix-buero\/","url":"https:\/\/cellecreativ.de\/cowork\/fix-buero\/","name":"Fix-B\u00fcro - CoWorking","isPartOf":{"@id":"https:\/\/cellecreativ.de\/cowork\/#website"},"datePublished":"2024-12-08T21:57:18+00:00","breadcrumb":{"@id":"https:\/\/cellecreativ.de\/cowork\/fix-buero\/#breadcrumb"},"inLanguage":"de","potentialAction":[{"@type":"ReadAction","target":["https:\/\/cellecreativ.de\/cowork\/fix-buero\/"]}]},{"@type":"BreadcrumbList","@id":"https:\/\/cellecreativ.de\/cowork\/fix-buero\/#breadcrumb","itemListElement":[{"@type":"ListItem","position":1,"name":"Startseite","item":"https:\/\/cellecreativ.de\/cowork\/"},{"@type":"ListItem","position":2,"name":"Fix-B\u00fcro"}]},{"@type":"WebSite","@id":"https:\/\/cellecreativ.de\/cowork\/#website","url":"https:\/\/cellecreativ.de\/cowork\/","name":"CoWorking","description":"","potentialAction":[{"@type":"SearchAction","target":{"@type":"EntryPoint","urlTemplate":"https:\/\/cellecreativ.de\/cowork\/?s={search_term_string}"},"query-input":{"@type":"PropertyValueSpecification","valueRequired":true,"valueName":"search_term_string"}}],"inLanguage":"de"}]}},"_links":{"self":[{"href":"https:\/\/cellecreativ.de\/cowork\/wp-json\/wp\/v2\/pages\/9386","targetHints":{"allow":["GET"]}}],"collection":[{"href":"https:\/\/cellecreativ.de\/cowork\/wp-json\/wp\/v2\/pages"}],"about":[{"href":"https:\/\/cellecreativ.de\/cowork\/wp-json\/wp\/v2\/types\/page"}],"author":[{"embeddable":true,"href":"https:\/\/cellecreativ.de\/cowork\/wp-json\/wp\/v2\/users\/1"}],"replies":[{"embeddable":true,"href":"https:\/\/cellecreativ.de\/cowork\/wp-json\/wp\/v2\/comments?post=9386"}],"version-history":[{"count":0,"href":"https:\/\/cellecreativ.de\/cowork\/wp-json\/wp\/v2\/pages\/9386\/revisions"}],"wp:attachment":[{"href":"https:\/\/cellecreativ.de\/cowork\/wp-json\/wp\/v2\/media?parent=9386"}],"curies":[{"name":"wp","href":"https:\/\/api.w.org\/{rel}","templated":true}]}}