{"id":9388,"date":"2024-12-08T22:57:31","date_gmt":"2024-12-08T21:57:31","guid":{"rendered":"https:\/\/netzwerkcelle.de\/?page_id=9388"},"modified":"2024-12-08T22:57:31","modified_gmt":"2024-12-08T21:57:31","slug":"flex-buero","status":"publish","type":"page","link":"https:\/\/cellecreativ.de\/cowork\/flex-buero\/","title":{"rendered":"Flex-B\u00fcro"},"content":{"rendered":"<p>Ob f\u00fcr Kundentermine, ungest\u00f6rtes Arbeiten oder Konferenzen &#8211; Tagesb\u00fcros bieten Ihnen die M\u00f6glichkeit, R\u00e4ume ohne langfristige Verpflichtungen und Kosten zu nutzen. Unsere Tagesb\u00fcros sind entsprechend eingerichtet und ausgestattet.<\/p>\n<p>Sie mieten ein Tagesb\u00fcro ganz- oder halbt\u00e4gig. Anders als im CoWorking-Bereich steht Ihnen das B\u00fcro allein zur Verf\u00fcgung.\u00a0 Je nach Bedarf k\u00f6nnen R\u00e4ume zwischen 13 und 20m\u00b2 gebucht werden.<\/p>\n<p>&nbsp;<\/p>\n<p><strong>Unser Angebot:<\/strong><\/p>\n<p>Nutzen Sie ein Tagesb\u00fcro f\u00fcr ungest\u00f6rtes Arbeiten oder Kundengespr\u00e4che f\u00fcr 50 \u20ac \/ Tag.<\/p>\n<p><strong>Zusatzangebot:\u00a0<\/strong><\/p>\n<p>Flexibles Arbeiten bedeutet oft auch den permanenten Transport von Arbeitsmaterial. Wir bieten die M\u00f6glichkeit, diese Materialien in einem abschlie\u00dfbaren Schrank unterzubringen. (25 \u20ac \/ Monat).<\/p>\n<p>&nbsp;<\/p>\n","protected":false},"excerpt":{"rendered":"<p>Ob f\u00fcr Kundentermine, ungest\u00f6rtes Arbeiten oder Konferenzen &#8211; Tagesb\u00fcros bieten Ihnen die M\u00f6glichkeit, R\u00e4ume ohne langfristige Verpflichtungen und Kosten zu nutzen. Unsere Tagesb\u00fcros sind entsprechend eingerichtet und ausgestattet. Sie mieten ein Tagesb\u00fcro ganz- oder halbt\u00e4gig. Anders als im CoWorking-Bereich steht Ihnen das B\u00fcro allein zur Verf\u00fcgung.\u00a0 Je nach Bedarf k\u00f6nnen R\u00e4ume zwischen 13 und 20m\u00b2 [&hellip;]<\/p>\n","protected":false},"author":1,"featured_media":0,"parent":0,"menu_order":3,"comment_status":"closed","ping_status":"closed","template":"","meta":{"footnotes":""},"class_list":["post-9388","page","type-page","status-publish","hentry","entry"],"yoast_head":"<!-- This site is optimized with the Yoast SEO plugin v27.5 - https:\/\/yoast.com\/product\/yoast-seo-wordpress\/ -->\n<title>Flex-B\u00fcro - CoWorking<\/title>\n<meta name=\"robots\" content=\"index, follow, max-snippet:-1, max-image-preview:large, max-video-preview:-1\" \/>\n<link rel=\"canonical\" href=\"https:\/\/cellecreativ.de\/cowork\/flex-buero\/\" \/>\n<meta property=\"og:locale\" content=\"de_DE\" \/>\n<meta property=\"og:type\" content=\"article\" \/>\n<meta property=\"og:title\" content=\"Flex-B\u00fcro - CoWorking\" \/>\n<meta property=\"og:description\" content=\"Ob f\u00fcr Kundentermine, ungest\u00f6rtes Arbeiten oder Konferenzen &#8211; Tagesb\u00fcros bieten Ihnen die M\u00f6glichkeit, R\u00e4ume ohne langfristige Verpflichtungen und Kosten zu nutzen. Unsere Tagesb\u00fcros sind entsprechend eingerichtet und ausgestattet. Sie mieten ein Tagesb\u00fcro ganz- oder halbt\u00e4gig. Anders als im CoWorking-Bereich steht Ihnen das B\u00fcro allein zur Verf\u00fcgung.\u00a0 Je nach Bedarf k\u00f6nnen R\u00e4ume zwischen 13 und 20m\u00b2 [&hellip;]\" \/>\n<meta property=\"og:url\" content=\"https:\/\/cellecreativ.de\/cowork\/flex-buero\/\" \/>\n<meta property=\"og:site_name\" content=\"CoWorking\" \/>\n<meta name=\"twitter:card\" content=\"summary_large_image\" \/>\n<meta name=\"twitter:label1\" content=\"Gesch\u00e4tzte Lesezeit\" \/>\n\t<meta name=\"twitter:data1\" content=\"1\u00a0Minute\" \/>\n<script type=\"application\/ld+json\" class=\"yoast-schema-graph\">{\"@context\":\"https:\\\/\\\/schema.org\",\"@graph\":[{\"@type\":\"WebPage\",\"@id\":\"https:\\\/\\\/cellecreativ.de\\\/cowork\\\/flex-buero\\\/\",\"url\":\"https:\\\/\\\/cellecreativ.de\\\/cowork\\\/flex-buero\\\/\",\"name\":\"Flex-B\u00fcro - CoWorking\",\"isPartOf\":{\"@id\":\"https:\\\/\\\/cellecreativ.de\\\/cowork\\\/#website\"},\"datePublished\":\"2024-12-08T21:57:31+00:00\",\"breadcrumb\":{\"@id\":\"https:\\\/\\\/cellecreativ.de\\\/cowork\\\/flex-buero\\\/#breadcrumb\"},\"inLanguage\":\"de\",\"potentialAction\":[{\"@type\":\"ReadAction\",\"target\":[\"https:\\\/\\\/cellecreativ.de\\\/cowork\\\/flex-buero\\\/\"]}]},{\"@type\":\"BreadcrumbList\",\"@id\":\"https:\\\/\\\/cellecreativ.de\\\/cowork\\\/flex-buero\\\/#breadcrumb\",\"itemListElement\":[{\"@type\":\"ListItem\",\"position\":1,\"name\":\"Startseite\",\"item\":\"https:\\\/\\\/cellecreativ.de\\\/cowork\\\/\"},{\"@type\":\"ListItem\",\"position\":2,\"name\":\"Flex-B\u00fcro\"}]},{\"@type\":\"WebSite\",\"@id\":\"https:\\\/\\\/cellecreativ.de\\\/cowork\\\/#website\",\"url\":\"https:\\\/\\\/cellecreativ.de\\\/cowork\\\/\",\"name\":\"CoWorking\",\"description\":\"\",\"potentialAction\":[{\"@type\":\"SearchAction\",\"target\":{\"@type\":\"EntryPoint\",\"urlTemplate\":\"https:\\\/\\\/cellecreativ.de\\\/cowork\\\/?s={search_term_string}\"},\"query-input\":{\"@type\":\"PropertyValueSpecification\",\"valueRequired\":true,\"valueName\":\"search_term_string\"}}],\"inLanguage\":\"de\"}]}<\/script>\n<!-- \/ Yoast SEO plugin. -->","yoast_head_json":{"title":"Flex-B\u00fcro - CoWorking","robots":{"index":"index","follow":"follow","max-snippet":"max-snippet:-1","max-image-preview":"max-image-preview:large","max-video-preview":"max-video-preview:-1"},"canonical":"https:\/\/cellecreativ.de\/cowork\/flex-buero\/","og_locale":"de_DE","og_type":"article","og_title":"Flex-B\u00fcro - CoWorking","og_description":"Ob f\u00fcr Kundentermine, ungest\u00f6rtes Arbeiten oder Konferenzen &#8211; Tagesb\u00fcros bieten Ihnen die M\u00f6glichkeit, R\u00e4ume ohne langfristige Verpflichtungen und Kosten zu nutzen. Unsere Tagesb\u00fcros sind entsprechend eingerichtet und ausgestattet. Sie mieten ein Tagesb\u00fcro ganz- oder halbt\u00e4gig. Anders als im CoWorking-Bereich steht Ihnen das B\u00fcro allein zur Verf\u00fcgung.\u00a0 Je nach Bedarf k\u00f6nnen R\u00e4ume zwischen 13 und 20m\u00b2 [&hellip;]","og_url":"https:\/\/cellecreativ.de\/cowork\/flex-buero\/","og_site_name":"CoWorking","twitter_card":"summary_large_image","twitter_misc":{"Gesch\u00e4tzte Lesezeit":"1\u00a0Minute"},"schema":{"@context":"https:\/\/schema.org","@graph":[{"@type":"WebPage","@id":"https:\/\/cellecreativ.de\/cowork\/flex-buero\/","url":"https:\/\/cellecreativ.de\/cowork\/flex-buero\/","name":"Flex-B\u00fcro - CoWorking","isPartOf":{"@id":"https:\/\/cellecreativ.de\/cowork\/#website"},"datePublished":"2024-12-08T21:57:31+00:00","breadcrumb":{"@id":"https:\/\/cellecreativ.de\/cowork\/flex-buero\/#breadcrumb"},"inLanguage":"de","potentialAction":[{"@type":"ReadAction","target":["https:\/\/cellecreativ.de\/cowork\/flex-buero\/"]}]},{"@type":"BreadcrumbList","@id":"https:\/\/cellecreativ.de\/cowork\/flex-buero\/#breadcrumb","itemListElement":[{"@type":"ListItem","position":1,"name":"Startseite","item":"https:\/\/cellecreativ.de\/cowork\/"},{"@type":"ListItem","position":2,"name":"Flex-B\u00fcro"}]},{"@type":"WebSite","@id":"https:\/\/cellecreativ.de\/cowork\/#website","url":"https:\/\/cellecreativ.de\/cowork\/","name":"CoWorking","description":"","potentialAction":[{"@type":"SearchAction","target":{"@type":"EntryPoint","urlTemplate":"https:\/\/cellecreativ.de\/cowork\/?s={search_term_string}"},"query-input":{"@type":"PropertyValueSpecification","valueRequired":true,"valueName":"search_term_string"}}],"inLanguage":"de"}]}},"_links":{"self":[{"href":"https:\/\/cellecreativ.de\/cowork\/wp-json\/wp\/v2\/pages\/9388","targetHints":{"allow":["GET"]}}],"collection":[{"href":"https:\/\/cellecreativ.de\/cowork\/wp-json\/wp\/v2\/pages"}],"about":[{"href":"https:\/\/cellecreativ.de\/cowork\/wp-json\/wp\/v2\/types\/page"}],"author":[{"embeddable":true,"href":"https:\/\/cellecreativ.de\/cowork\/wp-json\/wp\/v2\/users\/1"}],"replies":[{"embeddable":true,"href":"https:\/\/cellecreativ.de\/cowork\/wp-json\/wp\/v2\/comments?post=9388"}],"version-history":[{"count":0,"href":"https:\/\/cellecreativ.de\/cowork\/wp-json\/wp\/v2\/pages\/9388\/revisions"}],"wp:attachment":[{"href":"https:\/\/cellecreativ.de\/cowork\/wp-json\/wp\/v2\/media?parent=9388"}],"curies":[{"name":"wp","href":"https:\/\/api.w.org\/{rel}","templated":true}]}}