{"id":9400,"date":"2024-12-09T22:40:59","date_gmt":"2024-12-09T21:40:59","guid":{"rendered":"https:\/\/netzwerkcelle.de\/?page_id=9400"},"modified":"2024-12-09T22:40:59","modified_gmt":"2024-12-09T21:40:59","slug":"flex-desk","status":"publish","type":"page","link":"https:\/\/cellecreativ.de\/cowork\/flex-desk\/","title":{"rendered":"Flex-Desk"},"content":{"rendered":"<p>CoWorking hei\u00dft flexibel Arbeiten, wann immer man m\u00f6chte. Sie nutzen einen beliebigen Arbeitsplatz in unserem CoWorking-Space 24\/7.<\/p>\n<p>&nbsp;<\/p>\n<p><strong>Unser Angebot:<\/strong><\/p>\n<p>Sie buchen dabei Ihren Flex-Desk f\u00fcr jeweils einen Monat mit der M\u00f6glichkeit auf Verl\u00e4ngerungen ( 100 \u20ac \/ Monat).<\/p>\n","protected":false},"excerpt":{"rendered":"<p>CoWorking hei\u00dft flexibel Arbeiten, wann immer man m\u00f6chte. Sie nutzen einen beliebigen Arbeitsplatz in unserem CoWorking-Space 24\/7. &nbsp; Unser Angebot: Sie buchen dabei Ihren Flex-Desk f\u00fcr jeweils einen Monat mit der M\u00f6glichkeit auf Verl\u00e4ngerungen ( 100 \u20ac \/ Monat).<\/p>\n","protected":false},"author":1,"featured_media":501,"parent":0,"menu_order":4,"comment_status":"closed","ping_status":"closed","template":"","meta":{"footnotes":""},"class_list":["post-9400","page","type-page","status-publish","has-post-thumbnail","hentry","entry"],"yoast_head":"<!-- This site is optimized with the Yoast SEO plugin v27.5 - https:\/\/yoast.com\/product\/yoast-seo-wordpress\/ -->\n<title>Flex-Desk - CoWorking<\/title>\n<meta name=\"robots\" content=\"index, follow, max-snippet:-1, max-image-preview:large, max-video-preview:-1\" \/>\n<link rel=\"canonical\" href=\"https:\/\/cellecreativ.de\/cowork\/flex-desk\/\" \/>\n<meta property=\"og:locale\" content=\"de_DE\" \/>\n<meta property=\"og:type\" content=\"article\" \/>\n<meta property=\"og:title\" content=\"Flex-Desk - CoWorking\" \/>\n<meta property=\"og:description\" content=\"CoWorking hei\u00dft flexibel Arbeiten, wann immer man m\u00f6chte. Sie nutzen einen beliebigen Arbeitsplatz in unserem CoWorking-Space 24\/7. &nbsp; Unser Angebot: Sie buchen dabei Ihren Flex-Desk f\u00fcr jeweils einen Monat mit der M\u00f6glichkeit auf Verl\u00e4ngerungen ( 100 \u20ac \/ Monat).\" \/>\n<meta property=\"og:url\" content=\"https:\/\/cellecreativ.de\/cowork\/flex-desk\/\" \/>\n<meta property=\"og:site_name\" content=\"CoWorking\" \/>\n<meta property=\"og:image\" content=\"https:\/\/cellecreativ.de\/cowork\/wp-content\/uploads\/sites\/5\/2022\/03\/Besprechungsraum1_Suedwall-25-29221-Celle-Germany_01.jpg\" \/>\n\t<meta property=\"og:image:width\" content=\"1400\" \/>\n\t<meta property=\"og:image:height\" content=\"933\" \/>\n\t<meta property=\"og:image:type\" content=\"image\/jpeg\" \/>\n<meta name=\"twitter:card\" content=\"summary_large_image\" \/>\n<meta name=\"twitter:label1\" content=\"Gesch\u00e4tzte Lesezeit\" \/>\n\t<meta name=\"twitter:data1\" content=\"1\u00a0Minute\" \/>\n<script type=\"application\/ld+json\" class=\"yoast-schema-graph\">{\"@context\":\"https:\\\/\\\/schema.org\",\"@graph\":[{\"@type\":\"WebPage\",\"@id\":\"https:\\\/\\\/cellecreativ.de\\\/cowork\\\/flex-desk\\\/\",\"url\":\"https:\\\/\\\/cellecreativ.de\\\/cowork\\\/flex-desk\\\/\",\"name\":\"Flex-Desk - CoWorking\",\"isPartOf\":{\"@id\":\"https:\\\/\\\/cellecreativ.de\\\/cowork\\\/#website\"},\"primaryImageOfPage\":{\"@id\":\"https:\\\/\\\/cellecreativ.de\\\/cowork\\\/flex-desk\\\/#primaryimage\"},\"image\":{\"@id\":\"https:\\\/\\\/cellecreativ.de\\\/cowork\\\/flex-desk\\\/#primaryimage\"},\"thumbnailUrl\":\"https:\\\/\\\/cellecreativ.de\\\/cowork\\\/wp-content\\\/uploads\\\/sites\\\/5\\\/2022\\\/03\\\/Besprechungsraum1_Suedwall-25-29221-Celle-Germany_01.jpg\",\"datePublished\":\"2024-12-09T21:40:59+00:00\",\"breadcrumb\":{\"@id\":\"https:\\\/\\\/cellecreativ.de\\\/cowork\\\/flex-desk\\\/#breadcrumb\"},\"inLanguage\":\"de\",\"potentialAction\":[{\"@type\":\"ReadAction\",\"target\":[\"https:\\\/\\\/cellecreativ.de\\\/cowork\\\/flex-desk\\\/\"]}]},{\"@type\":\"ImageObject\",\"inLanguage\":\"de\",\"@id\":\"https:\\\/\\\/cellecreativ.de\\\/cowork\\\/flex-desk\\\/#primaryimage\",\"url\":\"https:\\\/\\\/cellecreativ.de\\\/cowork\\\/wp-content\\\/uploads\\\/sites\\\/5\\\/2022\\\/03\\\/Besprechungsraum1_Suedwall-25-29221-Celle-Germany_01.jpg\",\"contentUrl\":\"https:\\\/\\\/cellecreativ.de\\\/cowork\\\/wp-content\\\/uploads\\\/sites\\\/5\\\/2022\\\/03\\\/Besprechungsraum1_Suedwall-25-29221-Celle-Germany_01.jpg\",\"width\":1400,\"height\":933},{\"@type\":\"BreadcrumbList\",\"@id\":\"https:\\\/\\\/cellecreativ.de\\\/cowork\\\/flex-desk\\\/#breadcrumb\",\"itemListElement\":[{\"@type\":\"ListItem\",\"position\":1,\"name\":\"Startseite\",\"item\":\"https:\\\/\\\/cellecreativ.de\\\/cowork\\\/\"},{\"@type\":\"ListItem\",\"position\":2,\"name\":\"Flex-Desk\"}]},{\"@type\":\"WebSite\",\"@id\":\"https:\\\/\\\/cellecreativ.de\\\/cowork\\\/#website\",\"url\":\"https:\\\/\\\/cellecreativ.de\\\/cowork\\\/\",\"name\":\"CoWorking\",\"description\":\"\",\"potentialAction\":[{\"@type\":\"SearchAction\",\"target\":{\"@type\":\"EntryPoint\",\"urlTemplate\":\"https:\\\/\\\/cellecreativ.de\\\/cowork\\\/?s={search_term_string}\"},\"query-input\":{\"@type\":\"PropertyValueSpecification\",\"valueRequired\":true,\"valueName\":\"search_term_string\"}}],\"inLanguage\":\"de\"}]}<\/script>\n<!-- \/ Yoast SEO plugin. -->","yoast_head_json":{"title":"Flex-Desk - CoWorking","robots":{"index":"index","follow":"follow","max-snippet":"max-snippet:-1","max-image-preview":"max-image-preview:large","max-video-preview":"max-video-preview:-1"},"canonical":"https:\/\/cellecreativ.de\/cowork\/flex-desk\/","og_locale":"de_DE","og_type":"article","og_title":"Flex-Desk - CoWorking","og_description":"CoWorking hei\u00dft flexibel Arbeiten, wann immer man m\u00f6chte. Sie nutzen einen beliebigen Arbeitsplatz in unserem CoWorking-Space 24\/7. &nbsp; Unser Angebot: Sie buchen dabei Ihren Flex-Desk f\u00fcr jeweils einen Monat mit der M\u00f6glichkeit auf Verl\u00e4ngerungen ( 100 \u20ac \/ Monat).","og_url":"https:\/\/cellecreativ.de\/cowork\/flex-desk\/","og_site_name":"CoWorking","og_image":[{"width":1400,"height":933,"url":"https:\/\/cellecreativ.de\/cowork\/wp-content\/uploads\/sites\/5\/2022\/03\/Besprechungsraum1_Suedwall-25-29221-Celle-Germany_01.jpg","type":"image\/jpeg"}],"twitter_card":"summary_large_image","twitter_misc":{"Gesch\u00e4tzte Lesezeit":"1\u00a0Minute"},"schema":{"@context":"https:\/\/schema.org","@graph":[{"@type":"WebPage","@id":"https:\/\/cellecreativ.de\/cowork\/flex-desk\/","url":"https:\/\/cellecreativ.de\/cowork\/flex-desk\/","name":"Flex-Desk - CoWorking","isPartOf":{"@id":"https:\/\/cellecreativ.de\/cowork\/#website"},"primaryImageOfPage":{"@id":"https:\/\/cellecreativ.de\/cowork\/flex-desk\/#primaryimage"},"image":{"@id":"https:\/\/cellecreativ.de\/cowork\/flex-desk\/#primaryimage"},"thumbnailUrl":"https:\/\/cellecreativ.de\/cowork\/wp-content\/uploads\/sites\/5\/2022\/03\/Besprechungsraum1_Suedwall-25-29221-Celle-Germany_01.jpg","datePublished":"2024-12-09T21:40:59+00:00","breadcrumb":{"@id":"https:\/\/cellecreativ.de\/cowork\/flex-desk\/#breadcrumb"},"inLanguage":"de","potentialAction":[{"@type":"ReadAction","target":["https:\/\/cellecreativ.de\/cowork\/flex-desk\/"]}]},{"@type":"ImageObject","inLanguage":"de","@id":"https:\/\/cellecreativ.de\/cowork\/flex-desk\/#primaryimage","url":"https:\/\/cellecreativ.de\/cowork\/wp-content\/uploads\/sites\/5\/2022\/03\/Besprechungsraum1_Suedwall-25-29221-Celle-Germany_01.jpg","contentUrl":"https:\/\/cellecreativ.de\/cowork\/wp-content\/uploads\/sites\/5\/2022\/03\/Besprechungsraum1_Suedwall-25-29221-Celle-Germany_01.jpg","width":1400,"height":933},{"@type":"BreadcrumbList","@id":"https:\/\/cellecreativ.de\/cowork\/flex-desk\/#breadcrumb","itemListElement":[{"@type":"ListItem","position":1,"name":"Startseite","item":"https:\/\/cellecreativ.de\/cowork\/"},{"@type":"ListItem","position":2,"name":"Flex-Desk"}]},{"@type":"WebSite","@id":"https:\/\/cellecreativ.de\/cowork\/#website","url":"https:\/\/cellecreativ.de\/cowork\/","name":"CoWorking","description":"","potentialAction":[{"@type":"SearchAction","target":{"@type":"EntryPoint","urlTemplate":"https:\/\/cellecreativ.de\/cowork\/?s={search_term_string}"},"query-input":{"@type":"PropertyValueSpecification","valueRequired":true,"valueName":"search_term_string"}}],"inLanguage":"de"}]}},"_links":{"self":[{"href":"https:\/\/cellecreativ.de\/cowork\/wp-json\/wp\/v2\/pages\/9400","targetHints":{"allow":["GET"]}}],"collection":[{"href":"https:\/\/cellecreativ.de\/cowork\/wp-json\/wp\/v2\/pages"}],"about":[{"href":"https:\/\/cellecreativ.de\/cowork\/wp-json\/wp\/v2\/types\/page"}],"author":[{"embeddable":true,"href":"https:\/\/cellecreativ.de\/cowork\/wp-json\/wp\/v2\/users\/1"}],"replies":[{"embeddable":true,"href":"https:\/\/cellecreativ.de\/cowork\/wp-json\/wp\/v2\/comments?post=9400"}],"version-history":[{"count":0,"href":"https:\/\/cellecreativ.de\/cowork\/wp-json\/wp\/v2\/pages\/9400\/revisions"}],"wp:featuredmedia":[{"embeddable":true,"href":"https:\/\/cellecreativ.de\/cowork\/wp-json\/wp\/v2\/media\/501"}],"wp:attachment":[{"href":"https:\/\/cellecreativ.de\/cowork\/wp-json\/wp\/v2\/media?parent=9400"}],"curies":[{"name":"wp","href":"https:\/\/api.w.org\/{rel}","templated":true}]}}