{"id":9402,"date":"2024-12-09T22:42:05","date_gmt":"2024-12-09T21:42:05","guid":{"rendered":"https:\/\/netzwerkcelle.de\/?page_id=9402"},"modified":"2024-12-09T22:42:05","modified_gmt":"2024-12-09T21:42:05","slug":"fix-desk","status":"publish","type":"page","link":"https:\/\/cellecreativ.de\/cowork\/fix-desk\/","title":{"rendered":"Fix-Desk"},"content":{"rendered":"<p>Flexibel Arbeiten, aber mit eigenem Schreibtisch: Sie buchen Ihren pers\u00f6nlichen Arbeitsplatz in unserem CoWorking-Space. Sie haben Ihren eigenen Schreibtisch nur f\u00fcr sich, aber auch die M\u00f6glichkeit, mit anderen in einer dynamischen Coworking-Community zusammenzuarbeiten und sich zu vernetzen.<\/p>\n<p>&nbsp;<\/p>\n<p><strong>Unser Angebot:<\/strong><\/p>\n<p>Ihr Arbeitsplatz, ihr Schreibtisch steht Ihnen \u00fcber den gesamten Zeitraum zur Verf\u00fcgung. Damit kombinieren Sie flexibles Arbeiten mit der Sicherheit,\u00a0 jederzeit an Ihrem Platz t\u00e4tig werden zu k\u00f6nnen. Sie buchen dabei Ihren Fix-Desk f\u00fcr jeweils einen Monat mit der M\u00f6glichkeit auf Verl\u00e4ngerungen ( 130 \u20ac \/ Monat).<\/p>\n","protected":false},"excerpt":{"rendered":"<p>Flexibel Arbeiten, aber mit eigenem Schreibtisch: Sie buchen Ihren pers\u00f6nlichen Arbeitsplatz in unserem CoWorking-Space. Sie haben Ihren eigenen Schreibtisch nur f\u00fcr sich, aber auch die M\u00f6glichkeit, mit anderen in einer dynamischen Coworking-Community zusammenzuarbeiten und sich zu vernetzen. &nbsp; Unser Angebot: Ihr Arbeitsplatz, ihr Schreibtisch steht Ihnen \u00fcber den gesamten Zeitraum zur Verf\u00fcgung. Damit kombinieren Sie [&hellip;]<\/p>\n","protected":false},"author":1,"featured_media":297,"parent":0,"menu_order":2,"comment_status":"closed","ping_status":"closed","template":"","meta":{"footnotes":""},"class_list":["post-9402","page","type-page","status-publish","has-post-thumbnail","hentry","entry"],"yoast_head":"<!-- This site is optimized with the Yoast SEO plugin v27.5 - https:\/\/yoast.com\/product\/yoast-seo-wordpress\/ -->\n<title>Fix-Desk - CoWorking<\/title>\n<meta name=\"robots\" content=\"index, follow, max-snippet:-1, max-image-preview:large, max-video-preview:-1\" \/>\n<link rel=\"canonical\" href=\"https:\/\/cellecreativ.de\/cowork\/fix-desk\/\" \/>\n<meta property=\"og:locale\" content=\"de_DE\" \/>\n<meta property=\"og:type\" content=\"article\" \/>\n<meta property=\"og:title\" content=\"Fix-Desk - CoWorking\" \/>\n<meta property=\"og:description\" content=\"Flexibel Arbeiten, aber mit eigenem Schreibtisch: Sie buchen Ihren pers\u00f6nlichen Arbeitsplatz in unserem CoWorking-Space. Sie haben Ihren eigenen Schreibtisch nur f\u00fcr sich, aber auch die M\u00f6glichkeit, mit anderen in einer dynamischen Coworking-Community zusammenzuarbeiten und sich zu vernetzen. &nbsp; Unser Angebot: Ihr Arbeitsplatz, ihr Schreibtisch steht Ihnen \u00fcber den gesamten Zeitraum zur Verf\u00fcgung. Damit kombinieren Sie [&hellip;]\" \/>\n<meta property=\"og:url\" content=\"https:\/\/cellecreativ.de\/cowork\/fix-desk\/\" \/>\n<meta property=\"og:site_name\" content=\"CoWorking\" \/>\n<meta property=\"og:image\" content=\"https:\/\/cellecreativ.de\/cowork\/wp-content\/uploads\/sites\/5\/2021\/05\/IMG_20210510_101008-scaled-e1620818026724.jpg\" \/>\n\t<meta property=\"og:image:width\" content=\"1000\" \/>\n\t<meta property=\"og:image:height\" content=\"750\" \/>\n\t<meta property=\"og:image:type\" content=\"image\/jpeg\" \/>\n<meta name=\"twitter:card\" content=\"summary_large_image\" \/>\n<meta name=\"twitter:label1\" content=\"Gesch\u00e4tzte Lesezeit\" \/>\n\t<meta name=\"twitter:data1\" content=\"1\u00a0Minute\" \/>\n<script type=\"application\/ld+json\" class=\"yoast-schema-graph\">{\"@context\":\"https:\\\/\\\/schema.org\",\"@graph\":[{\"@type\":\"WebPage\",\"@id\":\"https:\\\/\\\/cellecreativ.de\\\/cowork\\\/fix-desk\\\/\",\"url\":\"https:\\\/\\\/cellecreativ.de\\\/cowork\\\/fix-desk\\\/\",\"name\":\"Fix-Desk - CoWorking\",\"isPartOf\":{\"@id\":\"https:\\\/\\\/cellecreativ.de\\\/cowork\\\/#website\"},\"primaryImageOfPage\":{\"@id\":\"https:\\\/\\\/cellecreativ.de\\\/cowork\\\/fix-desk\\\/#primaryimage\"},\"image\":{\"@id\":\"https:\\\/\\\/cellecreativ.de\\\/cowork\\\/fix-desk\\\/#primaryimage\"},\"thumbnailUrl\":\"https:\\\/\\\/cellecreativ.de\\\/cowork\\\/wp-content\\\/uploads\\\/sites\\\/5\\\/2021\\\/05\\\/IMG_20210510_101008-scaled-e1620818026724.jpg\",\"datePublished\":\"2024-12-09T21:42:05+00:00\",\"breadcrumb\":{\"@id\":\"https:\\\/\\\/cellecreativ.de\\\/cowork\\\/fix-desk\\\/#breadcrumb\"},\"inLanguage\":\"de\",\"potentialAction\":[{\"@type\":\"ReadAction\",\"target\":[\"https:\\\/\\\/cellecreativ.de\\\/cowork\\\/fix-desk\\\/\"]}]},{\"@type\":\"ImageObject\",\"inLanguage\":\"de\",\"@id\":\"https:\\\/\\\/cellecreativ.de\\\/cowork\\\/fix-desk\\\/#primaryimage\",\"url\":\"https:\\\/\\\/cellecreativ.de\\\/cowork\\\/wp-content\\\/uploads\\\/sites\\\/5\\\/2021\\\/05\\\/IMG_20210510_101008-scaled-e1620818026724.jpg\",\"contentUrl\":\"https:\\\/\\\/cellecreativ.de\\\/cowork\\\/wp-content\\\/uploads\\\/sites\\\/5\\\/2021\\\/05\\\/IMG_20210510_101008-scaled-e1620818026724.jpg\",\"width\":1000,\"height\":750},{\"@type\":\"BreadcrumbList\",\"@id\":\"https:\\\/\\\/cellecreativ.de\\\/cowork\\\/fix-desk\\\/#breadcrumb\",\"itemListElement\":[{\"@type\":\"ListItem\",\"position\":1,\"name\":\"Startseite\",\"item\":\"https:\\\/\\\/cellecreativ.de\\\/cowork\\\/\"},{\"@type\":\"ListItem\",\"position\":2,\"name\":\"Fix-Desk\"}]},{\"@type\":\"WebSite\",\"@id\":\"https:\\\/\\\/cellecreativ.de\\\/cowork\\\/#website\",\"url\":\"https:\\\/\\\/cellecreativ.de\\\/cowork\\\/\",\"name\":\"CoWorking\",\"description\":\"\",\"potentialAction\":[{\"@type\":\"SearchAction\",\"target\":{\"@type\":\"EntryPoint\",\"urlTemplate\":\"https:\\\/\\\/cellecreativ.de\\\/cowork\\\/?s={search_term_string}\"},\"query-input\":{\"@type\":\"PropertyValueSpecification\",\"valueRequired\":true,\"valueName\":\"search_term_string\"}}],\"inLanguage\":\"de\"}]}<\/script>\n<!-- \/ Yoast SEO plugin. -->","yoast_head_json":{"title":"Fix-Desk - CoWorking","robots":{"index":"index","follow":"follow","max-snippet":"max-snippet:-1","max-image-preview":"max-image-preview:large","max-video-preview":"max-video-preview:-1"},"canonical":"https:\/\/cellecreativ.de\/cowork\/fix-desk\/","og_locale":"de_DE","og_type":"article","og_title":"Fix-Desk - CoWorking","og_description":"Flexibel Arbeiten, aber mit eigenem Schreibtisch: Sie buchen Ihren pers\u00f6nlichen Arbeitsplatz in unserem CoWorking-Space. Sie haben Ihren eigenen Schreibtisch nur f\u00fcr sich, aber auch die M\u00f6glichkeit, mit anderen in einer dynamischen Coworking-Community zusammenzuarbeiten und sich zu vernetzen. &nbsp; Unser Angebot: Ihr Arbeitsplatz, ihr Schreibtisch steht Ihnen \u00fcber den gesamten Zeitraum zur Verf\u00fcgung. Damit kombinieren Sie [&hellip;]","og_url":"https:\/\/cellecreativ.de\/cowork\/fix-desk\/","og_site_name":"CoWorking","og_image":[{"width":1000,"height":750,"url":"https:\/\/cellecreativ.de\/cowork\/wp-content\/uploads\/sites\/5\/2021\/05\/IMG_20210510_101008-scaled-e1620818026724.jpg","type":"image\/jpeg"}],"twitter_card":"summary_large_image","twitter_misc":{"Gesch\u00e4tzte Lesezeit":"1\u00a0Minute"},"schema":{"@context":"https:\/\/schema.org","@graph":[{"@type":"WebPage","@id":"https:\/\/cellecreativ.de\/cowork\/fix-desk\/","url":"https:\/\/cellecreativ.de\/cowork\/fix-desk\/","name":"Fix-Desk - CoWorking","isPartOf":{"@id":"https:\/\/cellecreativ.de\/cowork\/#website"},"primaryImageOfPage":{"@id":"https:\/\/cellecreativ.de\/cowork\/fix-desk\/#primaryimage"},"image":{"@id":"https:\/\/cellecreativ.de\/cowork\/fix-desk\/#primaryimage"},"thumbnailUrl":"https:\/\/cellecreativ.de\/cowork\/wp-content\/uploads\/sites\/5\/2021\/05\/IMG_20210510_101008-scaled-e1620818026724.jpg","datePublished":"2024-12-09T21:42:05+00:00","breadcrumb":{"@id":"https:\/\/cellecreativ.de\/cowork\/fix-desk\/#breadcrumb"},"inLanguage":"de","potentialAction":[{"@type":"ReadAction","target":["https:\/\/cellecreativ.de\/cowork\/fix-desk\/"]}]},{"@type":"ImageObject","inLanguage":"de","@id":"https:\/\/cellecreativ.de\/cowork\/fix-desk\/#primaryimage","url":"https:\/\/cellecreativ.de\/cowork\/wp-content\/uploads\/sites\/5\/2021\/05\/IMG_20210510_101008-scaled-e1620818026724.jpg","contentUrl":"https:\/\/cellecreativ.de\/cowork\/wp-content\/uploads\/sites\/5\/2021\/05\/IMG_20210510_101008-scaled-e1620818026724.jpg","width":1000,"height":750},{"@type":"BreadcrumbList","@id":"https:\/\/cellecreativ.de\/cowork\/fix-desk\/#breadcrumb","itemListElement":[{"@type":"ListItem","position":1,"name":"Startseite","item":"https:\/\/cellecreativ.de\/cowork\/"},{"@type":"ListItem","position":2,"name":"Fix-Desk"}]},{"@type":"WebSite","@id":"https:\/\/cellecreativ.de\/cowork\/#website","url":"https:\/\/cellecreativ.de\/cowork\/","name":"CoWorking","description":"","potentialAction":[{"@type":"SearchAction","target":{"@type":"EntryPoint","urlTemplate":"https:\/\/cellecreativ.de\/cowork\/?s={search_term_string}"},"query-input":{"@type":"PropertyValueSpecification","valueRequired":true,"valueName":"search_term_string"}}],"inLanguage":"de"}]}},"_links":{"self":[{"href":"https:\/\/cellecreativ.de\/cowork\/wp-json\/wp\/v2\/pages\/9402","targetHints":{"allow":["GET"]}}],"collection":[{"href":"https:\/\/cellecreativ.de\/cowork\/wp-json\/wp\/v2\/pages"}],"about":[{"href":"https:\/\/cellecreativ.de\/cowork\/wp-json\/wp\/v2\/types\/page"}],"author":[{"embeddable":true,"href":"https:\/\/cellecreativ.de\/cowork\/wp-json\/wp\/v2\/users\/1"}],"replies":[{"embeddable":true,"href":"https:\/\/cellecreativ.de\/cowork\/wp-json\/wp\/v2\/comments?post=9402"}],"version-history":[{"count":0,"href":"https:\/\/cellecreativ.de\/cowork\/wp-json\/wp\/v2\/pages\/9402\/revisions"}],"wp:featuredmedia":[{"embeddable":true,"href":"https:\/\/cellecreativ.de\/cowork\/wp-json\/wp\/v2\/media\/297"}],"wp:attachment":[{"href":"https:\/\/cellecreativ.de\/cowork\/wp-json\/wp\/v2\/media?parent=9402"}],"curies":[{"name":"wp","href":"https:\/\/api.w.org\/{rel}","templated":true}]}}