{"id":79,"date":"2024-03-20T23:35:06","date_gmt":"2024-03-20T22:35:06","guid":{"rendered":"https:\/\/cellecreativ.de\/projekte\/?page_id=79"},"modified":"2024-03-20T23:35:06","modified_gmt":"2024-03-20T22:35:06","slug":"fachkraeftemangel","status":"publish","type":"page","link":"https:\/\/cellecreativ.de\/projekte\/fachkraeftemangel\/","title":{"rendered":"Fachkr\u00e4ftemangel"},"content":{"rendered":"<p>Fachkr\u00e4ftemangel bereitet der Celler Wirtschaft gro\u00dfe Probleme &#8211; nicht nur zuk\u00fcnftig, sondern bereits jetzt haben viele Betriebe Schwierigkeiten, neue Mitarbeiter und\/oder Auszubildende zu finden.<\/p>\n<p>Wir m\u00f6chten uns diesem Thema annehmen, und dazu verschiedene Veranstaltungen durchf\u00fchren.<\/p>\n<p>Zum Auftakt werden wir ein <em><strong>#Treppenhausgespr\u00e4ch<\/strong><\/em> f\u00fchren, und uns der Thematik grundlegend annehmen:<br \/>\nWas bedeutet Fachkr\u00e4ftemangel konkret? Welche Branchen sind in Celle besonders betroffen? Wie sieht die aktuelle und die zuk\u00fcnftige Situation konkret aus? Und welche L\u00f6sungen kann man identifizieren?<br \/>\nBzgl. dieser und weiterer Fragen wird der <strong>Arbeitsmarktexperte der IHK L\u00fcneburg-Wolfsburg-Celle<\/strong>, Lennart Ulrich, unser Gast sein.<\/p>\n","protected":false},"excerpt":{"rendered":"<p>Fachkr\u00e4ftemangel bereitet der Celler Wirtschaft gro\u00dfe Probleme &#8211; nicht nur zuk\u00fcnftig, sondern bereits jetzt haben viele Betriebe Schwierigkeiten, neue Mitarbeiter und\/oder Auszubildende zu finden. Wir m\u00f6chten uns diesem Thema annehmen, und dazu verschiedene Veranstaltungen durchf\u00fchren. Zum Auftakt werden wir ein #Treppenhausgespr\u00e4ch f\u00fchren, und uns der Thematik grundlegend annehmen: Was bedeutet Fachkr\u00e4ftemangel konkret? Welche Branchen sind [&hellip;]<\/p>\n","protected":false},"author":1,"featured_media":0,"parent":0,"menu_order":0,"comment_status":"closed","ping_status":"closed","template":"","meta":{"footnotes":""},"class_list":["post-79","page","type-page","status-publish","hentry","entry"],"_links":{"self":[{"href":"https:\/\/cellecreativ.de\/projekte\/wp-json\/wp\/v2\/pages\/79","targetHints":{"allow":["GET"]}}],"collection":[{"href":"https:\/\/cellecreativ.de\/projekte\/wp-json\/wp\/v2\/pages"}],"about":[{"href":"https:\/\/cellecreativ.de\/projekte\/wp-json\/wp\/v2\/types\/page"}],"author":[{"embeddable":true,"href":"https:\/\/cellecreativ.de\/projekte\/wp-json\/wp\/v2\/users\/1"}],"replies":[{"embeddable":true,"href":"https:\/\/cellecreativ.de\/projekte\/wp-json\/wp\/v2\/comments?post=79"}],"version-history":[{"count":0,"href":"https:\/\/cellecreativ.de\/projekte\/wp-json\/wp\/v2\/pages\/79\/revisions"}],"wp:attachment":[{"href":"https:\/\/cellecreativ.de\/projekte\/wp-json\/wp\/v2\/media?parent=79"}],"curies":[{"name":"wp","href":"https:\/\/api.w.org\/{rel}","templated":true}]}}